{"id":346,"date":"2025-08-08T08:24:04","date_gmt":"2025-08-08T06:24:04","guid":{"rendered":"https:\/\/mabuimavie.fundaciongeniotipo.org\/politica-de-devolucions\/"},"modified":"2025-08-08T08:24:04","modified_gmt":"2025-08-08T06:24:04","slug":"politica-de-devolucions","status":"publish","type":"page","link":"https:\/\/mabuimavie.fundaciongeniotipo.org\/ca\/politica-de-devolucions\/","title":{"rendered":"Pol\u00edtica de devolucions"},"content":{"rendered":"<div class=\"elementor-element elementor-element-a0299ef elementor-widget elementor-widget-heading\" data-id=\"a0299ef\" data-element_type=\"widget\" data-widget_type=\"heading.default\">\n<div class=\"elementor-widget-container\">\n<h3 class=\"elementor-heading-title elementor-size-default\">TERMINI DE DEVOLUCI\u00d3:<\/h3>\n<\/div>\n<\/div>\n<div class=\"elementor-element elementor-element-71348ca elementor-widget elementor-widget-text-editor\" data-id=\"71348ca\" data-element_type=\"widget\" data-widget_type=\"text-editor.default\">\n<div class=\"elementor-widget-container\">\n<p>Segons la Llei General per a la Defensa dels Consumidors i Usuaris disposes de 14 dies h\u00e0bils des del moment del pagament, per sol\u00b7licitar el reemborsament del curs o programa adquirit.<\/p>\n<p>Les sessions individuals amb terapeuta o del mapa del geniotip, no seran reemborsades, perqu\u00e8 l&#8217;atenci\u00f3 \u00e9s en directe i l&#8217;usuari paga pel temps del terapeuta.<\/p>\n<\/div>\n<\/div>\n<div class=\"elementor-element elementor-element-fb69875 elementor-widget elementor-widget-heading\" data-id=\"fb69875\" data-element_type=\"widget\" data-widget_type=\"heading.default\">\n<div class=\"elementor-widget-container\">\n<h3 class=\"elementor-heading-title elementor-size-default\">COM SOL\u00b7LICITAR-HO<\/h3>\n<\/div>\n<\/div>\n<div class=\"elementor-element elementor-element-33116bb elementor-widget elementor-widget-text-editor\" data-id=\"33116bb\" data-element_type=\"widget\" data-widget_type=\"text-editor.default\">\n<div class=\"elementor-widget-container\">\n<p>Has d&#8217;escriure un correu electr\u00f2nic a <a href=\"mailto:info@fundaciongeniotipo.org\">info@fundaciongeniotipo.org <\/a>adjuntant el tiquet o correu de confirmaci\u00f3 de compra, i indicant el motiu del reemborsament.<\/p>\n<p>Tamb\u00e9 pots enviar un whatsapp al +34676025286 abans de sol\u00b7licitar la devoluci\u00f3, en cas d&#8217;incid\u00e8ncia.<\/p>\n<\/div>\n<\/div>\n<div class=\"elementor-element elementor-element-1b4ef2e elementor-widget elementor-widget-heading\" data-id=\"1b4ef2e\" data-element_type=\"widget\" data-widget_type=\"heading.default\">\n<div class=\"elementor-widget-container\">\n<h3 class=\"elementor-heading-title elementor-size-default\">IMPORT DEVOLUCI\u00d3<\/h3>\n<\/div>\n<\/div>\n<div class=\"elementor-element elementor-element-e631a6b elementor-widget elementor-widget-text-editor\" data-id=\"e631a6b\" data-element_type=\"widget\" data-widget_type=\"text-editor.default\">\n<div class=\"elementor-widget-container\">\n<p>Es retornar\u00e0 el 100% de l&#8217;import.<\/p>\n<p>En cas de compra ajornada, es retornar\u00e0 l&#8217;import \u00edntegre menys les comissions banc\u00e0ries i taxes generades per l&#8217;ajornament.<\/p>\n<\/div>\n<\/div>\n<div class=\"elementor-element elementor-element-652356f elementor-widget elementor-widget-heading\" data-id=\"652356f\" data-element_type=\"widget\" data-widget_type=\"heading.default\">\n<div class=\"elementor-widget-container\">\n<h3 class=\"elementor-heading-title elementor-size-default\">TEMPS PER A LA DEVOLUCI\u00d3<\/h3>\n<\/div>\n<\/div>\n<div class=\"elementor-element elementor-element-632cc8f elementor-widget elementor-widget-text-editor\" data-id=\"632cc8f\" data-element_type=\"widget\" data-widget_type=\"text-editor.default\">\n<div class=\"elementor-widget-container\">\n<p>Des de la notificaci\u00f3 i resoluci\u00f3 de la devoluci\u00f3, en un termini de 48h es retornar\u00e0 l&#8217;import del qual es sol\u00b7licita el reemborsament per transfer\u00e8ncia banc\u00e0ria o paypal.<\/p>\n<\/div>\n<\/div>\n","protected":false},"excerpt":{"rendered":"<p>TERMINI DE DEVOLUCI\u00d3: Segons la Llei General per a la Defensa dels Consumidors i Usuaris disposes de 14 dies h\u00e0bils [&hellip;]<\/p>\n","protected":false},"author":1,"featured_media":0,"parent":0,"menu_order":0,"comment_status":"closed","ping_status":"closed","template":"","meta":{"site-sidebar-layout":"default","site-content-layout":"","ast-site-content-layout":"default","site-content-style":"default","site-sidebar-style":"default","ast-global-header-display":"","ast-banner-title-visibility":"","ast-main-header-display":"","ast-hfb-above-header-display":"","ast-hfb-below-header-display":"","ast-hfb-mobile-header-display":"","site-post-title":"","ast-breadcrumbs-content":"","ast-featured-img":"","footer-sml-layout":"","ast-disable-related-posts":"","theme-transparent-header-meta":"default","adv-header-id-meta":"","stick-header-meta":"","header-above-stick-meta":"","header-main-stick-meta":"","header-below-stick-meta":"","astra-migrate-meta-layouts":"default","ast-page-background-enabled":"default","ast-page-background-meta":{"desktop":{"background-color":"var(--ast-global-color-5)","background-image":"","background-repeat":"repeat","background-position":"center center","background-size":"auto","background-attachment":"scroll","background-type":"","background-media":"","overlay-type":"","overlay-color":"","overlay-opacity":"","overlay-gradient":""},"tablet":{"background-color":"","background-image":"","background-repeat":"repeat","background-position":"center center","background-size":"auto","background-attachment":"scroll","background-type":"","background-media":"","overlay-type":"","overlay-color":"","overlay-opacity":"","overlay-gradient":""},"mobile":{"background-color":"","background-image":"","background-repeat":"repeat","background-position":"center center","background-size":"auto","background-attachment":"scroll","background-type":"","background-media":"","overlay-type":"","overlay-color":"","overlay-opacity":"","overlay-gradient":""}},"ast-content-background-meta":{"desktop":{"background-color":"var(--ast-global-color-4)","background-image":"","background-repeat":"repeat","background-position":"center center","background-size":"auto","background-attachment":"scroll","background-type":"","background-media":"","overlay-type":"","overlay-color":"","overlay-opacity":"","overlay-gradient":""},"tablet":{"background-color":"var(--ast-global-color-4)","background-image":"","background-repeat":"repeat","background-position":"center center","background-size":"auto","background-attachment":"scroll","background-type":"","background-media":"","overlay-type":"","overlay-color":"","overlay-opacity":"","overlay-gradient":""},"mobile":{"background-color":"var(--ast-global-color-4)","background-image":"","background-repeat":"repeat","background-position":"center center","background-size":"auto","background-attachment":"scroll","background-type":"","background-media":"","overlay-type":"","overlay-color":"","overlay-opacity":"","overlay-gradient":""}},"footnotes":""},"class_list":["post-346","page","type-page","status-publish","hentry"],"_links":{"self":[{"href":"https:\/\/mabuimavie.fundaciongeniotipo.org\/ca\/wp-json\/wp\/v2\/pages\/346","targetHints":{"allow":["GET"]}}],"collection":[{"href":"https:\/\/mabuimavie.fundaciongeniotipo.org\/ca\/wp-json\/wp\/v2\/pages"}],"about":[{"href":"https:\/\/mabuimavie.fundaciongeniotipo.org\/ca\/wp-json\/wp\/v2\/types\/page"}],"author":[{"embeddable":true,"href":"https:\/\/mabuimavie.fundaciongeniotipo.org\/ca\/wp-json\/wp\/v2\/users\/1"}],"replies":[{"embeddable":true,"href":"https:\/\/mabuimavie.fundaciongeniotipo.org\/ca\/wp-json\/wp\/v2\/comments?post=346"}],"version-history":[{"count":0,"href":"https:\/\/mabuimavie.fundaciongeniotipo.org\/ca\/wp-json\/wp\/v2\/pages\/346\/revisions"}],"wp:attachment":[{"href":"https:\/\/mabuimavie.fundaciongeniotipo.org\/ca\/wp-json\/wp\/v2\/media?parent=346"}],"curies":[{"name":"wp","href":"https:\/\/api.w.org\/{rel}","templated":true}]}}