{"id":345,"date":"2025-08-08T07:23:47","date_gmt":"2025-08-08T05:23:47","guid":{"rendered":"https:\/\/mabuimavie.fundaciongeniotipo.org\/politica-de-galetes\/"},"modified":"2025-09-08T20:03:22","modified_gmt":"2025-09-08T18:03:22","slug":"politica-de-cookies","status":"publish","type":"page","link":"https:\/\/mabuimavie.fundaciongeniotipo.org\/ca\/politica-de-cookies\/","title":{"rendered":"Pol\u00edtica de Cookies"},"content":{"rendered":"<p>A trav\u00e9s d&#8217;aquest lloc web<strong> no es recullen dades de car\u00e0cter personal dels usuaris sense el seu coneixement, ni es cedeixen a tercers.<\/strong> Amb la finalitat d&#8217;oferir-li el millor servei i amb l&#8217;objectiu de facilitar l&#8217;\u00fas, s&#8217;analitzen el nombre de p\u00e0gines visitades, el nombre de visites, aix\u00ed com l&#8217;activitat dels visitants i la seva freq\u00fc\u00e8ncia d&#8217;utilitzaci\u00f3. A aquests efectes, <strong>Fundaci\u00f3 Genotip<\/strong> utilitza la informaci\u00f3 estad\u00edstica elaborada pel seu Prove\u00efdor de Serveis d&#8217;Internet.<br \/>\n<strong>Fundaci\u00f3 Genotip<\/strong> no utilitza cookies per recollir informaci\u00f3 dels usuaris, ni registra les adreces IP d&#8217;acc\u00e9s. \u00danicament s&#8217;utilitzen cookies pr\u00f2pies, de sessi\u00f3, amb finalitat t\u00e8cnica (aquelles que permeten a l&#8217;usuari la navegaci\u00f3 a trav\u00e9s del lloc web i la utilitzaci\u00f3 de les diferents opcions i serveis que hi ha).<br \/>\nEl portal del qual \u00e9s titular <strong>Fundaci\u00f3 Genotip<\/strong> cont\u00e9 enlla\u00e7os a llocs web de tercers, les pol\u00edtiques de privacitat dels quals s\u00f3n alienes a la de <strong>Fundaci\u00f3 Genotip<\/strong> En accedir a aquests llocs web vost\u00e8 pot decidir si accepta les seves pol\u00edtiques de privacitat i de cookies. Amb car\u00e0cter general, si navega per internet vost\u00e8 pot acceptar o rebutjar les cookies de tercers des de les opcions de configuraci\u00f3 del seu navegador.<\/p>\n<p><strong>QUI \u00c9S EL RESPONSABLE DE L&#8217;\u00daS DE LES COOKIES EN ELS SERVEIS DE FUNDACI\u00d3 GENOTIP?<\/strong><\/p>\n<p>El responsable \u00e9s<br \/>\n<strong>Fundaci\u00f3 Genotip G56191992<\/strong><br \/>\n<strong>Cam\u00ed de Sant Mar\u00e7al, 55, 08692, Puig-Reig, Barcelona<\/strong><br \/>\n<strong>676 025 286<\/strong><br \/>\n<strong>info@fundaciongeniotipo.org<\/strong><\/p>\n<p><strong>PER A QU\u00c8 UTILITZEM COOKIES?<br \/>\n<\/strong>Els serveis de <strong>Fundaci\u00f3 Genotip<\/strong> utilitzen Cookies:<\/p>\n<ul>\n<li>Amb l&#8217;objectiu d&#8217;oferir a l&#8217;usuari continguts i informaci\u00f3 m\u00e9s adequats als seus interessos i facilitar la seva navegaci\u00f3 a trav\u00e9s dels nostres serveis.<\/li>\n<li>Per registrar les prefer\u00e8ncies de l&#8217;usuari i proporcionar-li un acc\u00e9s m\u00e9s r\u00e0pid.<\/li>\n<li>Per personalitzar els serveis que <strong>Fundaci\u00f3 Genotip<\/strong> facilita i ofereix a cada usuari informaci\u00f3 que \u00e9s del seu inter\u00e8s o que pot ser del seu inter\u00e8s, basant-se per a aix\u00f2 en l&#8217;\u00fas que realitza d&#8217;aquests serveis.<\/li>\n<li>Per con\u00e8ixer tots els serveis de <strong>Fundaci\u00f3 Genotip<\/strong> sol\u00b7licitats pels usuaris durant la navegaci\u00f3, de manera que podran facilitar o oferir informaci\u00f3 adequada als gustos i prefer\u00e8ncies de cada usuari.<\/li>\n<\/ul>\n<p><strong>QUINS TIPUS DE COOKIES HI HA EN ELS SERVEIS DE FUNDACI\u00d3 GENOTIP I QUINES S\u00d3N LES SEVES FINALITATS?<br \/>\n<\/strong>En funci\u00f3 de la seva durada, les Cookies poden dividir-se en:<\/p>\n<ul>\n<li><strong>Cookies de sessi\u00f3:<\/strong> Aquestes expiren quan l&#8217;usuari tanca el navegador i s&#8217;esborren de l&#8217;ordinador o dispositiu en aquell moment.<\/li>\n<li><strong>Cookies persistents<\/strong>: Expiren en funci\u00f3 de quan es compleixi l&#8217;objectiu per al qual serveixen, per exemple, perqu\u00e8 l&#8217;usuari es mantingui identificat en els Serveis de <strong>Fundaci\u00f3 Genotip<\/strong> o b\u00e9 quan s&#8217;esborren manualment.<\/li>\n<\/ul>\n<p>En funci\u00f3 de qui crea la Cookie es classifiquen en:<\/p>\n<ul>\n<li><strong>Cookies pr\u00f2pies:<\/strong> S\u00f3n les que envien a l&#8217;ordinador o dispositiu de l&#8217;usuari, els nostres Serveis i s\u00f3n gestionades exclusivament per <strong>Fundaci\u00f3 Genotip.<\/strong><\/li>\n<li><strong>Cookies de tercers:<\/strong> Aquelles que s\u00f3n enviades per entitats alienes a <strong>Fundaci\u00f3 Genotip<\/strong> i que s&#8217;activen quan s&#8217;accedeix des dels nostres Serveis a xarxes socials o a visualitzar v\u00eddeos.<\/li>\n<\/ul>\n<p><strong>QUINES COOKIES ES PODEN INSTAL\u00b7LAR EN ELS SERVEIS DE FUNDACI\u00d3 GENOTIP?<br \/>\n<\/strong>L&#8217;acc\u00e9s als Serveis de <strong>Fundaci\u00f3 Genotip<\/strong> implica que es puguin instal\u00b7lar les Cookies, pr\u00f2pies i\/o de tercers, que es detallen en el seg\u00fcent quadre:<\/p>\n<p><img fetchpriority=\"high\" decoding=\"async\" class=\"aligncenter wp-image-389 size-large\" src=\"https:\/\/mabuimavie.fundaciongeniotipo.org\/wp-content\/uploads\/2025\/09\/Captura-de-pantalla-fcookies-1024x908.png\" alt=\"\" width=\"1024\" height=\"908\" srcset=\"https:\/\/mabuimavie.fundaciongeniotipo.org\/wp-content\/uploads\/2025\/09\/Captura-de-pantalla-fcookies-1024x908.png 1024w, https:\/\/mabuimavie.fundaciongeniotipo.org\/wp-content\/uploads\/2025\/09\/Captura-de-pantalla-fcookies-300x266.png 300w, https:\/\/mabuimavie.fundaciongeniotipo.org\/wp-content\/uploads\/2025\/09\/Captura-de-pantalla-fcookies-768x681.png 768w, https:\/\/mabuimavie.fundaciongeniotipo.org\/wp-content\/uploads\/2025\/09\/Captura-de-pantalla-fcookies-1536x1362.png 1536w, https:\/\/mabuimavie.fundaciongeniotipo.org\/wp-content\/uploads\/2025\/09\/Captura-de-pantalla-fcookies.png 1680w\" sizes=\"(max-width: 1024px) 100vw, 1024px\" \/><\/p>\n<p><strong>Validesa i desactivaci\u00f3<br \/>\n<\/strong>Les cookies temporals (cookies de sessi\u00f3) nom\u00e9s s&#8217;emmagatzemen temporalment al seu ordinador o dispositiu terminal. Quan tanques el navegador, aquestes cookies s&#8217;eliminen autom\u00e0ticament.<br \/>\nLes cookies permanents i tecnologies similars romanen emmagatzemades al seu ordinador, tauleta o tel\u00e8fon intel\u00b7ligent fins i tot despr\u00e9s de tancar el navegador. Aix\u00f2 ens permet recon\u00e8ixer-lo, per exemple, quan visiti les nostres p\u00e0gines web m\u00e9s tard. Per tant, l&#8217;eliminaci\u00f3 nom\u00e9s es porta a terme si s&#8217;instal\u00b7la una nova versi\u00f3 de les cookies, si vost\u00e8 s&#8217;hi oposa o si les pr\u00f2pies cookies s&#8217;eliminen al seu dispositiu.<br \/>\nLa configuraci\u00f3 especial del navegador li permet acceptar, bloquejar o desactivar totes o algunes de les cookies del seu dispositiu.<br \/>\nEl manual corresponent dels navegadors m\u00e9s populars es pot trobar aqu\u00ed:<\/p>\n<ul>\n<li>Chrome https:\/\/support.google.com\/chrome\/answer\/95647?hl=es&amp;ref_topic=34 34352<\/li>\n<li>Explorer https:\/\/support.microsoft.com\/es-es\/help\/17442\/windows-internet-explorer-delete-manage-cookies<\/li>\n<li>Firefox https:\/\/support.mozilla.org\/es\/kb\/habilitar-y-deshabilitar-cookies-sitios-web-rastrear-preferencias<\/li>\n<li>Safari https:\/\/support.apple.com\/kb\/PH21411?viewlocale=es_ES&amp;locale=es_ES<\/li>\n<\/ul>\n<p>Si ha consentit l&#8217;\u00fas de cookies, pot retirar el seu consentiment en qualsevol moment. Les cookies existents seran llavors eliminades.<\/p>\n<p><strong>QU\u00c8 PASSA SI ES DESHABILITEN LES COOKIES?<br \/>\n<\/strong>En cas que es deshabilitin les Cookies, no podrem mantenir les seves prefer\u00e8ncies i algunes funcionalitats dels Serveis de <strong>Fundaci\u00f3 Genotip<\/strong> podrien quedar inoperatives, no podent oferir-li serveis personalitzats.<\/p>\n<p><strong>ACTUALITZACIONS I CANVIS EN LA POL\u00cdTICA DE PRIVACITAT\/COOKIES:<br \/>\n<\/strong>Els Serveis de <strong>Fundaci\u00f3 Genotip<\/strong> poden modificar aquesta Pol\u00edtica de Cookies en funci\u00f3 d&#8217;exig\u00e8ncies legislatives, reglament\u00e0ries, o amb la finalitat d&#8217;adaptar aquesta pol\u00edtica a les instruccions dictades per l&#8217;Ag\u00e8ncia Espanyola de Protecci\u00f3 de Dades, per aix\u00f2 es recomana als usuaris que la visitin peri\u00f2dicament.<\/p>\n","protected":false},"excerpt":{"rendered":"<p>A trav\u00e9s d&#8217;aquest lloc web no es recullen dades de car\u00e0cter personal dels usuaris sense el seu coneixement, ni es [&hellip;]<\/p>\n","protected":false},"author":1,"featured_media":0,"parent":0,"menu_order":0,"comment_status":"closed","ping_status":"closed","template":"","meta":{"site-sidebar-layout":"default","site-content-layout":"","ast-site-content-layout":"default","site-content-style":"default","site-sidebar-style":"default","ast-global-header-display":"","ast-banner-title-visibility":"","ast-main-header-display":"","ast-hfb-above-header-display":"","ast-hfb-below-header-display":"","ast-hfb-mobile-header-display":"","site-post-title":"","ast-breadcrumbs-content":"","ast-featured-img":"","footer-sml-layout":"","ast-disable-related-posts":"","theme-transparent-header-meta":"default","adv-header-id-meta":"","stick-header-meta":"default","header-above-stick-meta":"","header-main-stick-meta":"","header-below-stick-meta":"","astra-migrate-meta-layouts":"default","ast-page-background-enabled":"default","ast-page-background-meta":{"desktop":{"background-color":"var(--ast-global-color-5)","background-image":"","background-repeat":"repeat","background-position":"center center","background-size":"auto","background-attachment":"scroll","background-type":"","background-media":"","overlay-type":"","overlay-color":"","overlay-opacity":"","overlay-gradient":""},"tablet":{"background-color":"","background-image":"","background-repeat":"repeat","background-position":"center center","background-size":"auto","background-attachment":"scroll","background-type":"","background-media":"","overlay-type":"","overlay-color":"","overlay-opacity":"","overlay-gradient":""},"mobile":{"background-color":"","background-image":"","background-repeat":"repeat","background-position":"center center","background-size":"auto","background-attachment":"scroll","background-type":"","background-media":"","overlay-type":"","overlay-color":"","overlay-opacity":"","overlay-gradient":""}},"ast-content-background-meta":{"desktop":{"background-color":"var(--ast-global-color-4)","background-image":"","background-repeat":"repeat","background-position":"center center","background-size":"auto","background-attachment":"scroll","background-type":"","background-media":"","overlay-type":"","overlay-color":"","overlay-opacity":"","overlay-gradient":""},"tablet":{"background-color":"var(--ast-global-color-4)","background-image":"","background-repeat":"repeat","background-position":"center center","background-size":"auto","background-attachment":"scroll","background-type":"","background-media":"","overlay-type":"","overlay-color":"","overlay-opacity":"","overlay-gradient":""},"mobile":{"background-color":"var(--ast-global-color-4)","background-image":"","background-repeat":"repeat","background-position":"center center","background-size":"auto","background-attachment":"scroll","background-type":"","background-media":"","overlay-type":"","overlay-color":"","overlay-opacity":"","overlay-gradient":""}},"footnotes":""},"class_list":["post-345","page","type-page","status-publish","hentry"],"_links":{"self":[{"href":"https:\/\/mabuimavie.fundaciongeniotipo.org\/ca\/wp-json\/wp\/v2\/pages\/345","targetHints":{"allow":["GET"]}}],"collection":[{"href":"https:\/\/mabuimavie.fundaciongeniotipo.org\/ca\/wp-json\/wp\/v2\/pages"}],"about":[{"href":"https:\/\/mabuimavie.fundaciongeniotipo.org\/ca\/wp-json\/wp\/v2\/types\/page"}],"author":[{"embeddable":true,"href":"https:\/\/mabuimavie.fundaciongeniotipo.org\/ca\/wp-json\/wp\/v2\/users\/1"}],"replies":[{"embeddable":true,"href":"https:\/\/mabuimavie.fundaciongeniotipo.org\/ca\/wp-json\/wp\/v2\/comments?post=345"}],"version-history":[{"count":2,"href":"https:\/\/mabuimavie.fundaciongeniotipo.org\/ca\/wp-json\/wp\/v2\/pages\/345\/revisions"}],"predecessor-version":[{"id":393,"href":"https:\/\/mabuimavie.fundaciongeniotipo.org\/ca\/wp-json\/wp\/v2\/pages\/345\/revisions\/393"}],"wp:attachment":[{"href":"https:\/\/mabuimavie.fundaciongeniotipo.org\/ca\/wp-json\/wp\/v2\/media?parent=345"}],"curies":[{"name":"wp","href":"https:\/\/api.w.org\/{rel}","templated":true}]}}